{"id":1458,"date":"2023-10-11T06:56:40","date_gmt":"2023-10-11T06:56:40","guid":{"rendered":"https:\/\/auprocooperativa.es\/mobiliario-natural-y-saludable\/?post_type=product&#038;p=1458"},"modified":"2023-10-11T08:37:42","modified_gmt":"2023-10-11T08:37:42","slug":"modulo-biblioteca","status":"publish","type":"product","link":"https:\/\/auprocooperativa.es\/mobiliario-natural-y-saludable\/producto\/modulo-biblioteca\/","title":{"rendered":"M\u00f3dulo biblioteca"},"content":{"rendered":"<p>Parte baja modulo almacenamiento de 110x60x50 en madera contrachapada, con dos puertas y una balda central colocable a diversas alturas, sobre un bastidor de acero.<\/p>\n<p>En la parte superior 4 baldas de madera contrachapada reforzada, unidas mediante bastidores de acero.<\/p>\n<p>La madera esta tratada con aceite natural y saludable, sin emisi\u00f3n de COVs y la madera es certificada y cumple la norma de emisiones E1 para su uso en interior.<\/p>\n","protected":false},"excerpt":{"rendered":"<p>Cl\u00e1sico y funcional, nuestro m\u00f3dulo corrido combina madera contrachapada de pino tratada con aceite natural y una s\u00f3lida estructura de acero lacado en negro mate. Con cuatro baldas espaciosas y puertas en la parte inferior, es una soluci\u00f3n vers\u00e1til para el almacenamiento en tu hogar, oficina, o biblioteca.<\/p>\n","protected":false},"featured_media":1498,"comment_status":"open","ping_status":"closed","template":"","meta":{"rank_math_lock_modified_date":false},"product_cat":[34],"product_tag":[],"_links":{"self":[{"href":"https:\/\/auprocooperativa.es\/mobiliario-natural-y-saludable\/wp-json\/wp\/v2\/product\/1458"}],"collection":[{"href":"https:\/\/auprocooperativa.es\/mobiliario-natural-y-saludable\/wp-json\/wp\/v2\/product"}],"about":[{"href":"https:\/\/auprocooperativa.es\/mobiliario-natural-y-saludable\/wp-json\/wp\/v2\/types\/product"}],"replies":[{"embeddable":true,"href":"https:\/\/auprocooperativa.es\/mobiliario-natural-y-saludable\/wp-json\/wp\/v2\/comments?post=1458"}],"wp:featuredmedia":[{"embeddable":true,"href":"https:\/\/auprocooperativa.es\/mobiliario-natural-y-saludable\/wp-json\/wp\/v2\/media\/1498"}],"wp:attachment":[{"href":"https:\/\/auprocooperativa.es\/mobiliario-natural-y-saludable\/wp-json\/wp\/v2\/media?parent=1458"}],"wp:term":[{"taxonomy":"product_cat","embeddable":true,"href":"https:\/\/auprocooperativa.es\/mobiliario-natural-y-saludable\/wp-json\/wp\/v2\/product_cat?post=1458"},{"taxonomy":"product_tag","embeddable":true,"href":"https:\/\/auprocooperativa.es\/mobiliario-natural-y-saludable\/wp-json\/wp\/v2\/product_tag?post=1458"}],"curies":[{"name":"wp","href":"https:\/\/api.w.org\/{rel}","templated":true}]}}